{"id":76,"date":"2024-12-29T13:16:38","date_gmt":"2024-12-29T12:16:38","guid":{"rendered":"http:\/\/ssin.dk\/?page_id=76"},"modified":"2025-01-01T17:06:33","modified_gmt":"2025-01-01T16:06:33","slug":"indmeldelse","status":"publish","type":"page","link":"https:\/\/ssin.dk\/index.php\/indmeldelse\/","title":{"rendered":"Indmeldelse"},"content":{"rendered":"\n<p>Tak fordi du overvejer at melde dig ind i vores forening.<\/p>\n\n\n\n<p>Inden du g\u00f8r det, er der nogle ting du skal vide:<\/p>\n\n\n\n<ul class=\"wp-block-list\">\n<li>Vi er ikke en traditionel skytteforening. Vi har ikke foreningsv\u00e5ben du kan l\u00e5ne, og vore tr\u00e6ningsforhold er lidt specielle. Hvis du skal have gl\u00e6de af at v\u00e6re i vores forening skal du have skudt nogle \u00e5r og have adgang til eget v\u00e5ben.<\/li>\n\n\n\n<li>Vi koncentrerer os om skydediscipliner som kr\u00e6ver en vis f\u00e6rdighed i forvejen. Vil du gerne diskutere dine muligheder mere med os, s\u00e5 skriv eller ring til formanden eller en af de \u00f8vrige bestyrelsesmedlemmer \u2013 se under <a href=\"http:\/\/ssin.dk\/index.php\/forside\/\" data-type=\"page\" data-id=\"19\">kontakt<\/a>.<\/li>\n<\/ul>\n\n\n\n<ul class=\"wp-block-list\">\n<li>Kontingentet er kr. 650,- om \u00e5ret. Ved indmeldelse efter 1. september betales 325kr.<\/li>\n<\/ul>\n\n\n\n<ul class=\"wp-block-list\">\n<li>Du skal v\u00e6re villig til at l\u00e6gge et stykke arbejde i foreningen, ellers kan vi ikke eksistere. Opgaverne omfatter: bygge nyt materiel, vedligehold, oprydning, banebyg og lignende.<\/li>\n<\/ul>\n\n\n\n<ul class=\"wp-block-list\">\n<li>Al kommunikationen mellem klub og medlemmer sker elektronisk, vha. email og Facebook.<\/li>\n<\/ul>\n\n\n\n<p>Hvis dette ikke har skr\u00e6mt dig, skal du udfylde formularen herunder og indbetale kontingentet p\u00e5 konto nummer 1551-10466083.<\/p>\n\n\n\n<p>Efter optagelse b\u00f8r du anmode om medlemskab af <a href=\"https:\/\/www.facebook.com\/groups\/SSINDK\" target=\"_blank\" rel=\"noreferrer noopener\">Facebook gruppen SSINDK<\/a>.<\/p>\n\n\n\n<iframe\n      id=\"JotFormIFrame-51785387362365\"\n      title=\"Indmeldelsesformular\"\n      onload=\"window.parent.scrollTo(0,0)\"\n      allowtransparency=\"true\"\n      allowfullscreen=\"true\"\n      allow=\"geolocation; microphone; camera\"\n      src=\"https:\/\/form.jotform.com\/51785387362365\"\n      frameborder=\"0\"\n      style=\"min-width:100%;max-width:100%;height:1406px;border:none;\"\n      scrolling=\"no\"\n    >\n    <\/iframe>\n    <script type=\"text\/javascript\">\n    var ifr = document.getElementById(\"JotFormIFrame-51785387362365\");\n    if (ifr) {\n      var src = ifr.src;\n      var iframeParams = [];\n      if (window.location.href && window.location.href.indexOf(\"?\") > -1) {\n        iframeParams = iframeParams.concat(window.location.href.substr(window.location.href.indexOf(\"?\") + 1).split('&'));\n      }\n      if (src && src.indexOf(\"?\") > -1) {\n        iframeParams = iframeParams.concat(src.substr(src.indexOf(\"?\") + 1).split(\"&\"));\n        src = src.substr(0, src.indexOf(\"?\"))\n      }\n      iframeParams.push(\"isIframeEmbed=1\");\n      ifr.src = src + \"?\" + iframeParams.join('&');\n    }\n    window.handleIFrameMessage = function(e) {\n      if (typeof e.data === 'object') { return; }\n      var args = e.data.split(\":\");\n      if (args.length > 2) { iframe = document.getElementById(\"JotFormIFrame-\" + args[(args.length - 1)]); } else { iframe = document.getElementById(\"JotFormIFrame\"); }\n      if (!iframe) { return; }\n      switch (args[0]) {\n        case \"scrollIntoView\":\n          iframe.scrollIntoView();\n          break;\n        case \"setHeight\":\n          iframe.style.height = args[1] + \"px\";\n          if (!isNaN(args[1]) && parseInt(iframe.style.minHeight) > parseInt(args[1])) {\n            iframe.style.minHeight = args[1] + \"px\";\n          }\n          break;\n        case \"collapseErrorPage\":\n          if (iframe.clientHeight > window.innerHeight) {\n            iframe.style.height = window.innerHeight + \"px\";\n          }\n          break;\n        case \"reloadPage\":\n          window.location.reload();\n          break;\n        case \"loadScript\":\n          if( !window.isPermitted(e.origin, ['jotform.com', 'jotform.pro']) ) { break; }\n          var src = args[1];\n          if (args.length > 3) {\n              src = args[1] + ':' + args[2];\n          }\n          var script = document.createElement('script');\n          script.src = src;\n          script.type = 'text\/javascript';\n          document.body.appendChild(script);\n          break;\n        case \"exitFullscreen\":\n          if      (window.document.exitFullscreen)        window.document.exitFullscreen();\n          else if (window.document.mozCancelFullScreen)   window.document.mozCancelFullScreen();\n          else if (window.document.mozCancelFullscreen)   window.document.mozCancelFullScreen();\n          else if (window.document.webkitExitFullscreen)  window.document.webkitExitFullscreen();\n          else if (window.document.msExitFullscreen)      window.document.msExitFullscreen();\n          break;\n      }\n      var isJotForm = (e.origin.indexOf(\"jotform\") > -1) ? true : false;\n      if(isJotForm && \"contentWindow\" in iframe && \"postMessage\" in iframe.contentWindow) {\n        var urls = {\"docurl\":encodeURIComponent(document.URL),\"referrer\":encodeURIComponent(document.referrer)};\n        iframe.contentWindow.postMessage(JSON.stringify({\"type\":\"urls\",\"value\":urls}), \"*\");\n      }\n    };\n    window.isPermitted = function(originUrl, whitelisted_domains) {\n      var url = document.createElement('a');\n      url.href = originUrl;\n      var hostname = url.hostname;\n      var result = false;\n      if( typeof hostname !== 'undefined' ) {\n        whitelisted_domains.forEach(function(element) {\n            if( hostname.slice((-1 * element.length - 1)) === '.'.concat(element) ||  hostname === element ) {\n                result = true;\n            }\n        });\n        return result;\n      }\n    };\n    if (window.addEventListener) {\n      window.addEventListener(\"message\", handleIFrameMessage, false);\n    } else if (window.attachEvent) {\n      window.attachEvent(\"onmessage\", handleIFrameMessage);\n    }\n    <\/script>\n\n\n\n<p><\/p>\n","protected":false},"excerpt":{"rendered":"<p>Tak fordi du overvejer at melde dig ind i vores forening. Inden du g\u00f8r det, er der nogle ting du skal vide: Hvis dette ikke har skr\u00e6mt dig, skal du udfylde formularen herunder og indbetale kontingentet p\u00e5 konto nummer 1551-10466083. Efter optagelse b\u00f8r du anmode om medlemskab af Facebook gruppen SSINDK.<\/p>\n","protected":false},"author":1,"featured_media":0,"parent":0,"menu_order":2,"comment_status":"closed","ping_status":"closed","template":"","meta":{"footnotes":""},"class_list":["post-76","page","type-page","status-publish","hentry"],"_links":{"self":[{"href":"https:\/\/ssin.dk\/index.php\/wp-json\/wp\/v2\/pages\/76","targetHints":{"allow":["GET"]}}],"collection":[{"href":"https:\/\/ssin.dk\/index.php\/wp-json\/wp\/v2\/pages"}],"about":[{"href":"https:\/\/ssin.dk\/index.php\/wp-json\/wp\/v2\/types\/page"}],"author":[{"embeddable":true,"href":"https:\/\/ssin.dk\/index.php\/wp-json\/wp\/v2\/users\/1"}],"replies":[{"embeddable":true,"href":"https:\/\/ssin.dk\/index.php\/wp-json\/wp\/v2\/comments?post=76"}],"version-history":[{"count":6,"href":"https:\/\/ssin.dk\/index.php\/wp-json\/wp\/v2\/pages\/76\/revisions"}],"predecessor-version":[{"id":104,"href":"https:\/\/ssin.dk\/index.php\/wp-json\/wp\/v2\/pages\/76\/revisions\/104"}],"wp:attachment":[{"href":"https:\/\/ssin.dk\/index.php\/wp-json\/wp\/v2\/media?parent=76"}],"curies":[{"name":"wp","href":"https:\/\/api.w.org\/{rel}","templated":true}]}}