{"id":69,"date":"2024-12-29T12:20:58","date_gmt":"2024-12-29T11:20:58","guid":{"rendered":"http:\/\/ssin.dk\/?page_id=69"},"modified":"2024-12-30T21:34:39","modified_gmt":"2024-12-30T20:34:39","slug":"privatliv","status":"publish","type":"page","link":"https:\/\/ssin.dk\/index.php\/privatliv\/","title":{"rendered":"Privatliv"},"content":{"rendered":"\n<h3 class=\"wp-block-heading\">Vores privatlivs\u2013 og dataopbevarings-politik<\/h3>\n\n\n\n<p>EU og\u00a0dansk lovgivning\u00a0stiller krav til hvad foreninger m\u00e5 registrere. Umiddelbart registrerer vi i forbindelse med tilmelding kun hvad der er n\u00f8dvendigt for en forening. Vi gemmer f\u00f8dselsdato for at kunne indrapportere aldersgrupper til DGI, vi gemmer profession for at vide, hvem der har erfaringer vi kan tr\u00e6kke p\u00e5 (men du beh\u00f8ver ikke at opgive det) og vi beder om oplysning om v\u00e5bentilladelse, for at kunne fort\u00e6lle nye medlemmer om muligheder (eller mangel p\u00e5 samme) for skytter der ikke har v\u00e5bentilladelse. Ingen information om medlemmer fremg\u00e5r af hjemmesiden. Et minimum af kontaktinformation vises for bestyrelsesmedlemmer og andre med tillidshverv, som medlemmer kan have brug for at komme i kontakt med. Al dynamisk information vises p\u00e5 vores Facebook gruppe, som er underlagt Facebook\u2019s retningslinjer.<\/p>\n\n\n\n<p>Information om medlemmer der er udmeldt gemmes i det omfang det er n\u00f8dvendigt for historikken.<\/p>\n\n\n\n<p>Selve medlemsdatabasen ligger hos firmaet foreninglet.dk, som administrerer vores foreningsdata.<\/p>\n\n\n\n<p>Har du sp\u00f8rgsm\u00e5l, s\u00e5 tag fat i en af os. <\/p>\n","protected":false},"excerpt":{"rendered":"<p>Vores privatlivs\u2013 og dataopbevarings-politik EU og\u00a0dansk lovgivning\u00a0stiller krav til hvad foreninger m\u00e5 registrere. Umiddelbart registrerer vi i forbindelse med tilmelding kun hvad der er n\u00f8dvendigt for en forening. Vi gemmer f\u00f8dselsdato for at kunne indrapportere aldersgrupper til DGI, vi gemmer profession for at vide, hvem der har erfaringer vi kan tr\u00e6kke p\u00e5 (men du beh\u00f8ver [&hellip;]<\/p>\n","protected":false},"author":1,"featured_media":36,"parent":0,"menu_order":3,"comment_status":"closed","ping_status":"closed","template":"","meta":{"footnotes":""},"class_list":["post-69","page","type-page","status-publish","has-post-thumbnail","hentry"],"_links":{"self":[{"href":"https:\/\/ssin.dk\/index.php\/wp-json\/wp\/v2\/pages\/69","targetHints":{"allow":["GET"]}}],"collection":[{"href":"https:\/\/ssin.dk\/index.php\/wp-json\/wp\/v2\/pages"}],"about":[{"href":"https:\/\/ssin.dk\/index.php\/wp-json\/wp\/v2\/types\/page"}],"author":[{"embeddable":true,"href":"https:\/\/ssin.dk\/index.php\/wp-json\/wp\/v2\/users\/1"}],"replies":[{"embeddable":true,"href":"https:\/\/ssin.dk\/index.php\/wp-json\/wp\/v2\/comments?post=69"}],"version-history":[{"count":4,"href":"https:\/\/ssin.dk\/index.php\/wp-json\/wp\/v2\/pages\/69\/revisions"}],"predecessor-version":[{"id":100,"href":"https:\/\/ssin.dk\/index.php\/wp-json\/wp\/v2\/pages\/69\/revisions\/100"}],"wp:featuredmedia":[{"embeddable":true,"href":"https:\/\/ssin.dk\/index.php\/wp-json\/wp\/v2\/media\/36"}],"wp:attachment":[{"href":"https:\/\/ssin.dk\/index.php\/wp-json\/wp\/v2\/media?parent=69"}],"curies":[{"name":"wp","href":"https:\/\/api.w.org\/{rel}","templated":true}]}}