{"id":32,"date":"2024-12-27T16:47:37","date_gmt":"2024-12-27T15:47:37","guid":{"rendered":"http:\/\/ssin.dk\/?page_id=32"},"modified":"2025-01-01T17:04:21","modified_gmt":"2025-01-01T16:04:21","slug":"forside-2","status":"publish","type":"page","link":"https:\/\/ssin.dk\/","title":{"rendered":"Forside"},"content":{"rendered":"\n<div class=\"wp-block-cover alignfull\"><span aria-hidden=\"true\" class=\"wp-block-cover__background has-background-dim\"><\/span><img loading=\"lazy\" decoding=\"async\" width=\"1024\" height=\"362\" class=\"wp-block-cover__image-background wp-image-34\" alt=\"\" src=\"http:\/\/ssin.dk\/wp-content\/uploads\/2024\/12\/aireal-new-bays_4header-1024x362.jpg\" data-object-fit=\"cover\" srcset=\"https:\/\/ssin.dk\/wp-content\/uploads\/2024\/12\/aireal-new-bays_4header-1024x362.jpg 1024w, https:\/\/ssin.dk\/wp-content\/uploads\/2024\/12\/aireal-new-bays_4header-300x106.jpg 300w, https:\/\/ssin.dk\/wp-content\/uploads\/2024\/12\/aireal-new-bays_4header-768x272.jpg 768w, https:\/\/ssin.dk\/wp-content\/uploads\/2024\/12\/aireal-new-bays_4header.jpg 1300w\" sizes=\"auto, (max-width: 1024px) 100vw, 1024px\" \/><div class=\"wp-block-cover__inner-container is-layout-flow wp-block-cover-is-layout-flow\">\n<div class=\"wp-block-columns is-layout-flex wp-container-core-columns-is-layout-28f84493 wp-block-columns-is-layout-flex\">\n<div class=\"wp-block-column is-vertically-aligned-center is-layout-flow wp-block-column-is-layout-flow\">\n<figure class=\"wp-block-image size-full\"><img loading=\"lazy\" decoding=\"async\" width=\"500\" height=\"154\" src=\"http:\/\/ssin.dk\/wp-content\/uploads\/2024\/12\/Logo_white_hashtag.png\" alt=\"\" class=\"wp-image-35\" srcset=\"https:\/\/ssin.dk\/wp-content\/uploads\/2024\/12\/Logo_white_hashtag.png 500w, https:\/\/ssin.dk\/wp-content\/uploads\/2024\/12\/Logo_white_hashtag-300x92.png 300w\" sizes=\"auto, (max-width: 500px) 100vw, 500px\" \/><\/figure>\n<\/div>\n\n\n\n<div class=\"wp-block-column is-vertically-aligned-center is-layout-flow wp-block-column-is-layout-flow\">\n<figure class=\"wp-block-image alignright size-full\"><img loading=\"lazy\" decoding=\"async\" width=\"314\" height=\"387\" src=\"http:\/\/ssin.dk\/wp-content\/uploads\/2024\/12\/IPSC1.png\" alt=\"\" class=\"wp-image-42\" srcset=\"https:\/\/ssin.dk\/wp-content\/uploads\/2024\/12\/IPSC1.png 314w, https:\/\/ssin.dk\/wp-content\/uploads\/2024\/12\/IPSC1-243x300.png 243w\" sizes=\"auto, (max-width: 314px) 100vw, 314px\" \/><\/figure>\n<\/div>\n<\/div>\n<\/div><\/div>\n\n\n\n<div class=\"wp-block-columns alignwide is-layout-flex wp-container-core-columns-is-layout-28f84493 wp-block-columns-is-layout-flex\">\n<div class=\"wp-block-column is-layout-flow wp-block-column-is-layout-flow\">\n<p><strong>SSIN <\/strong>er en skytteforening dannet i 2009 med det form\u00e5l at samle IPSC skytter under en forening.<\/p>\n<\/div>\n\n\n\n<div class=\"wp-block-column is-layout-flow wp-block-column-is-layout-flow\">\n<p><strong>IPSC<\/strong> er en kr\u00e6vende sportsgren. Det kr\u00e6ver at man kan h\u00e5ndtere et h\u00e5ndv\u00e5ben under kr\u00e6vende udfordringer.<\/p>\n<\/div>\n\n\n\n<div class=\"wp-block-column is-layout-flow wp-block-column-is-layout-flow\">\n<p>Dette er en statisk side med generelle informationer. Nyheder, invitationer m.m. findes p\u00e5 vores Facebook gruppe.<\/p>\n<\/div>\n<\/div>\n\n\n\n<hr class=\"wp-block-separator has-alpha-channel-opacity\"\/>\n\n\n\n<h2 class=\"wp-block-heading\">Aktiviteter<\/h2>\n\n\n\n<div class=\"wp-block-media-text alignwide has-media-on-the-right is-stacked-on-mobile\" style=\"grid-template-columns:auto 42%\"><div class=\"wp-block-media-text__content\">\n<p>Vores aktiviteter er dels tr\u00e6ning med specifikke \u00f8velser, at kunne bev\u00e6ge sig p\u00e5 skydebanen p\u00e5 en hensigtsm\u00e6ssig m\u00e5de, at skyde en stage, samt at arrangere st\u00e6vner. SSIN arrangerer \u00e5rligt fem til otte mindre matches (minimatches). Derudover arrangerer vi \u00e9n af de 10 matches, der indg\u00e5r i SweDen Cup mellem svenske og danske klubber, samt Rooster Mountain, (se egen side\u00a0<a href=\"http:\/\/www.roostermountain.dk\/\" target=\"_blank\" rel=\"noreferrer noopener\">her<\/a>). Rooster Mountain er et af de mest popul\u00e6re level III st\u00e6vner i Europa. Hvert \u00e5r deltager ca. 350 skytter fra hele Europa.\u00a0\u00a0<\/p>\n<\/div><figure class=\"wp-block-media-text__media\"><img loading=\"lazy\" decoding=\"async\" width=\"1024\" height=\"576\" src=\"http:\/\/ssin.dk\/wp-content\/uploads\/2024\/12\/296281712_5406578946069956_1163295018091061566_n-1024x576.jpg\" alt=\"\" class=\"wp-image-55 size-full\" srcset=\"https:\/\/ssin.dk\/wp-content\/uploads\/2024\/12\/296281712_5406578946069956_1163295018091061566_n-1024x576.jpg 1024w, https:\/\/ssin.dk\/wp-content\/uploads\/2024\/12\/296281712_5406578946069956_1163295018091061566_n-300x169.jpg 300w, https:\/\/ssin.dk\/wp-content\/uploads\/2024\/12\/296281712_5406578946069956_1163295018091061566_n-768x432.jpg 768w, https:\/\/ssin.dk\/wp-content\/uploads\/2024\/12\/296281712_5406578946069956_1163295018091061566_n-1536x864.jpg 1536w, https:\/\/ssin.dk\/wp-content\/uploads\/2024\/12\/296281712_5406578946069956_1163295018091061566_n.jpg 2048w\" sizes=\"auto, (max-width: 1024px) 100vw, 1024px\" \/><\/figure><\/div>\n\n\n\n<div class=\"wp-block-media-text alignwide is-stacked-on-mobile\" style=\"grid-template-columns:36% auto\"><figure class=\"wp-block-media-text__media\"><img loading=\"lazy\" decoding=\"async\" width=\"1024\" height=\"683\" src=\"http:\/\/ssin.dk\/wp-content\/uploads\/2024\/12\/20240923_054514069_iOS-1024x683.jpg\" alt=\"\" class=\"wp-image-56 size-full\" srcset=\"https:\/\/ssin.dk\/wp-content\/uploads\/2024\/12\/20240923_054514069_iOS-1024x683.jpg 1024w, https:\/\/ssin.dk\/wp-content\/uploads\/2024\/12\/20240923_054514069_iOS-300x200.jpg 300w, https:\/\/ssin.dk\/wp-content\/uploads\/2024\/12\/20240923_054514069_iOS-768x512.jpg 768w, https:\/\/ssin.dk\/wp-content\/uploads\/2024\/12\/20240923_054514069_iOS-1536x1024.jpg 1536w, https:\/\/ssin.dk\/wp-content\/uploads\/2024\/12\/20240923_054514069_iOS.jpg 2048w\" sizes=\"auto, (max-width: 1024px) 100vw, 1024px\" \/><\/figure><div class=\"wp-block-media-text__content\">\n<p>SSIN er en forening som kun kan eksistere, hvis medlemmerne st\u00f8tter op om arbejdet med tr\u00e6ning, matcher og vedligeholdelse af materiel, og alt muligt andet. At v\u00e6re medlem af SSIN kr\u00e6ver at man involverer sig i foreningen. Derfor skal man ud over egen skydning, ogs\u00e5 deltage i banebygning, vedligehold og evt. administration ved matcher, samt evt. at arbejde som Range Officer.<br>I sommers\u00e6sonen, marts \u2013 oktober, tr\u00e6ner vi hver l\u00f8rdag 10.00 \u2013 ca.12.00.\u00a0I perioder er der ogs\u00e5 mere decideret tekniktr\u00e6ning tirsdag aftener.<br>Mere detaljeret information finder du i vores Facebook gruppe.<\/p>\n<\/div><\/div>\n\n\n\n<hr class=\"wp-block-separator has-alpha-channel-opacity\"\/>\n\n\n\n<div class=\"wp-block-media-text alignwide is-stacked-on-mobile\" style=\"grid-template-columns:45% auto\"><figure class=\"wp-block-media-text__media\"><img loading=\"lazy\" decoding=\"async\" width=\"667\" height=\"493\" src=\"http:\/\/ssin.dk\/wp-content\/uploads\/2024\/12\/GoogleMapHanebjergSkyttecenter.png\" alt=\"\" class=\"wp-image-53 size-full\" srcset=\"https:\/\/ssin.dk\/wp-content\/uploads\/2024\/12\/GoogleMapHanebjergSkyttecenter.png 667w, https:\/\/ssin.dk\/wp-content\/uploads\/2024\/12\/GoogleMapHanebjergSkyttecenter-300x222.png 300w\" sizes=\"auto, (max-width: 667px) 100vw, 667px\" \/><\/figure><div class=\"wp-block-media-text__content\">\n<h2 class=\"wp-block-heading\">Hvor er vi?<\/h2>\n\n\n\n<p>Vi holder til p\u00e5 terr\u00e6nafsnittet p\u00e5  Hanebjerg Skyttecenter syd for Hiller\u00f8d. <\/p>\n\n\n\n<p>L\u00e6s mere om Hanebjerg Skyttecenter <a href=\"http:\/\/www.hanebjergskyttecenter.dk\/\" target=\"_blank\" rel=\"noreferrer noopener\">her<\/a>.<\/p>\n\n\n\n<p>Link til lokationen p\u00e5 <a href=\"https:\/\/maps.app.goo.gl\/PL9ZHFN2V5ugsFyQ9\" target=\"_blank\" rel=\"noreferrer noopener\">Google Maps<\/a>.<\/p>\n<\/div><\/div>\n\n\n\n<hr class=\"wp-block-separator has-alpha-channel-opacity\"\/>\n\n\n\n<div class=\"wp-block-media-text alignwide has-media-on-the-right is-stacked-on-mobile\" style=\"grid-template-columns:auto 24%\"><div class=\"wp-block-media-text__content\">\n<h2 class=\"wp-block-heading\">Medlemskab<\/h2>\n\n\n\n<p>Kontingentet er kr. 650,- om \u00e5ret. Ved indmeldelse efter 1. september er kontingentet for det p\u00e5g\u00e6ldende \u00e5r 325 kr.<\/p>\n\n\n\n<p>V\u00e6r opm\u00e6rksom p\u00e5, at al kommunikation foreg\u00e5r elektronisk.<\/p>\n\n\n\n<p>SSIN ejer ikke v\u00e5ben, derfor er du n\u00f8dsaget til at kunne opn\u00e5 SKV 2 til eget v\u00e5ben. Dette kan du opn\u00e5, hvis du igennem anden forening er aktiv skydende i 2 \u00e5r. <\/p>\n\n\n\n<p>For at kunne skyde IPSC skal du have IPSC-licens. Denne kan erhverves igennem Dansk Sportsskytte Forbund, se n\u00e6rmere info&nbsp;<a href=\"https:\/\/dsf.dk\/ipsc-disciplin\/\" target=\"_blank\" rel=\"noreferrer noopener\">Dansk Sportsskytte Forbund<\/a>.<\/p>\n\n\n\n<p>L\u00e6s mere om betingelserne for licens <a href=\"https:\/\/dsf.dk\/alicensansoegning\/\" target=\"_blank\" rel=\"noreferrer noopener\">her<\/a>. IPSC er en disciplin som h\u00f8rer under <a href=\"https:\/\/dsf.dk\/ipsc-disciplin\/\" target=\"_blank\" rel=\"noreferrer noopener\">Dansk Sportsskytte Forbund<\/a>.<\/p>\n\n\n\n<p>Indmeldelse sker <a href=\"http:\/\/ssin.dk\/index.php\/indmeldelse\/\" data-type=\"page\" data-id=\"76\">her<\/a>.<\/p>\n<\/div><figure class=\"wp-block-media-text__media\"><img loading=\"lazy\" decoding=\"async\" width=\"419\" height=\"512\" src=\"http:\/\/ssin.dk\/wp-content\/uploads\/2024\/12\/cibles-ipsc-pack-de-501.png\" alt=\"\" class=\"wp-image-59 size-full\" srcset=\"https:\/\/ssin.dk\/wp-content\/uploads\/2024\/12\/cibles-ipsc-pack-de-501.png 419w, https:\/\/ssin.dk\/wp-content\/uploads\/2024\/12\/cibles-ipsc-pack-de-501-246x300.png 246w\" sizes=\"auto, (max-width: 419px) 100vw, 419px\" \/><\/figure><\/div>\n\n\n\n<p><\/p>\n","protected":false},"excerpt":{"rendered":"<p>SSIN er en skytteforening dannet i 2009 med det form\u00e5l at samle IPSC skytter under en forening. IPSC er en kr\u00e6vende sportsgren. Det kr\u00e6ver at man kan h\u00e5ndtere et h\u00e5ndv\u00e5ben under kr\u00e6vende udfordringer. Dette er en statisk side med generelle informationer. Nyheder, invitationer m.m. findes p\u00e5 vores Facebook gruppe. Aktiviteter Vores aktiviteter er dels tr\u00e6ning [&hellip;]<\/p>\n","protected":false},"author":1,"featured_media":34,"parent":0,"menu_order":0,"comment_status":"closed","ping_status":"closed","template":"page-no-title","meta":{"footnotes":""},"class_list":["post-32","page","type-page","status-publish","has-post-thumbnail","hentry"],"_links":{"self":[{"href":"https:\/\/ssin.dk\/index.php\/wp-json\/wp\/v2\/pages\/32","targetHints":{"allow":["GET"]}}],"collection":[{"href":"https:\/\/ssin.dk\/index.php\/wp-json\/wp\/v2\/pages"}],"about":[{"href":"https:\/\/ssin.dk\/index.php\/wp-json\/wp\/v2\/types\/page"}],"author":[{"embeddable":true,"href":"https:\/\/ssin.dk\/index.php\/wp-json\/wp\/v2\/users\/1"}],"replies":[{"embeddable":true,"href":"https:\/\/ssin.dk\/index.php\/wp-json\/wp\/v2\/comments?post=32"}],"version-history":[{"count":20,"href":"https:\/\/ssin.dk\/index.php\/wp-json\/wp\/v2\/pages\/32\/revisions"}],"predecessor-version":[{"id":102,"href":"https:\/\/ssin.dk\/index.php\/wp-json\/wp\/v2\/pages\/32\/revisions\/102"}],"wp:featuredmedia":[{"embeddable":true,"href":"https:\/\/ssin.dk\/index.php\/wp-json\/wp\/v2\/media\/34"}],"wp:attachment":[{"href":"https:\/\/ssin.dk\/index.php\/wp-json\/wp\/v2\/media?parent=32"}],"curies":[{"name":"wp","href":"https:\/\/api.w.org\/{rel}","templated":true}]}}