{"id":19,"date":"2024-12-27T15:30:09","date_gmt":"2024-12-27T15:30:09","guid":{"rendered":"http:\/\/ssin.dk\/?page_id=19"},"modified":"2025-03-31T20:04:46","modified_gmt":"2025-03-31T19:04:46","slug":"forside","status":"publish","type":"page","link":"https:\/\/ssin.dk\/index.php\/forside\/","title":{"rendered":"Kontakt"},"content":{"rendered":"\n<p><mark style=\"background-color:rgba(0, 0, 0, 0);color:#e70101\" class=\"has-inline-color\">Bem\u00e6rk venligst: Da bestyrelsesmedlemmers adresser er offentligt tilg\u00e6ngelige, opbevarer disse ikke v\u00e5ben p\u00e5 privatadresserne.<\/mark><\/p>\n\n\n\n<div class=\"wp-block-media-text is-stacked-on-mobile\" style=\"grid-template-columns:44% auto\"><figure class=\"wp-block-media-text__media\"><img loading=\"lazy\" decoding=\"async\" width=\"1024\" height=\"1024\" src=\"http:\/\/ssin.dk\/wp-content\/uploads\/2024\/12\/Lotte-1024x1024.jpg\" alt=\"\" class=\"wp-image-7 size-full\" srcset=\"https:\/\/ssin.dk\/wp-content\/uploads\/2024\/12\/Lotte-1024x1024.jpg 1024w, https:\/\/ssin.dk\/wp-content\/uploads\/2024\/12\/Lotte-300x300.jpg 300w, https:\/\/ssin.dk\/wp-content\/uploads\/2024\/12\/Lotte-150x150.jpg 150w, https:\/\/ssin.dk\/wp-content\/uploads\/2024\/12\/Lotte-768x768.jpg 768w, https:\/\/ssin.dk\/wp-content\/uploads\/2024\/12\/Lotte.jpg 1098w\" sizes=\"auto, (max-width: 1024px) 100vw, 1024px\" \/><\/figure><div class=\"wp-block-media-text__content\">\n<p><strong>Formand<\/strong><br>Lotte H\u00f8st Sj\u00f8holm<br>Mail: lotte.sjoeholm(a)gmail.com<br>Telefon: 23 41 91 88<\/p>\n<\/div><\/div>\n\n\n\n<div class=\"wp-block-media-text is-stacked-on-mobile\" style=\"grid-template-columns:44% auto\"><figure class=\"wp-block-media-text__media\"><\/figure><div class=\"wp-block-media-text__content\">\n<p><strong>N\u00e6stformand<\/strong><br>Claus K. Henneberg<br>Mail: claus(a)k-henneberg.dk<br>Telefon: 20 49 92 95<\/p>\n<\/div><\/div>\n\n\n\n<div class=\"wp-block-media-text is-stacked-on-mobile\" style=\"grid-template-columns:44% auto\"><figure class=\"wp-block-media-text__media\"><img decoding=\"async\" src=\"http:\/\/ssin.dk\/wp-content\/uploads\/2024\/12\/henrik.jpg\" alt=\"\" class=\"wp-image-9 size-full\"\/><\/figure><div class=\"wp-block-media-text__content\">\n<p><strong>Kasserer<\/strong><br>Henrik Lerfeldt<br>Mail: henrik(a)lerfeldt.dk<br>Telefon: 60 37 76 77<\/p>\n<\/div><\/div>\n\n\n\n<p><\/p>\n","protected":false},"excerpt":{"rendered":"<p>Bem\u00e6rk venligst: Da bestyrelsesmedlemmers adresser er offentligt tilg\u00e6ngelige, opbevarer disse ikke v\u00e5ben p\u00e5 privatadresserne. FormandLotte H\u00f8st Sj\u00f8holmMail: lotte.sjoeholm(a)gmail.comTelefon: 23 41 91 88 N\u00e6stformandClaus K. HennebergMail: claus(a)k-henneberg.dkTelefon: 20 49 92 95 KassererHenrik LerfeldtMail: henrik(a)lerfeldt.dkTelefon: 60 37 76 77<\/p>\n","protected":false},"author":1,"featured_media":0,"parent":0,"menu_order":1,"comment_status":"closed","ping_status":"closed","template":"","meta":{"footnotes":""},"class_list":["post-19","page","type-page","status-publish","hentry"],"_links":{"self":[{"href":"https:\/\/ssin.dk\/index.php\/wp-json\/wp\/v2\/pages\/19","targetHints":{"allow":["GET"]}}],"collection":[{"href":"https:\/\/ssin.dk\/index.php\/wp-json\/wp\/v2\/pages"}],"about":[{"href":"https:\/\/ssin.dk\/index.php\/wp-json\/wp\/v2\/types\/page"}],"author":[{"embeddable":true,"href":"https:\/\/ssin.dk\/index.php\/wp-json\/wp\/v2\/users\/1"}],"replies":[{"embeddable":true,"href":"https:\/\/ssin.dk\/index.php\/wp-json\/wp\/v2\/comments?post=19"}],"version-history":[{"count":10,"href":"https:\/\/ssin.dk\/index.php\/wp-json\/wp\/v2\/pages\/19\/revisions"}],"predecessor-version":[{"id":158,"href":"https:\/\/ssin.dk\/index.php\/wp-json\/wp\/v2\/pages\/19\/revisions\/158"}],"wp:attachment":[{"href":"https:\/\/ssin.dk\/index.php\/wp-json\/wp\/v2\/media?parent=19"}],"curies":[{"name":"wp","href":"https:\/\/api.w.org\/{rel}","templated":true}]}}