{"id":117,"date":"2025-02-04T20:34:29","date_gmt":"2025-02-04T19:34:29","guid":{"rendered":"https:\/\/ssin.dk\/?page_id=117"},"modified":"2025-02-13T17:20:46","modified_gmt":"2025-02-13T16:20:46","slug":"opslag","status":"publish","type":"page","link":"https:\/\/ssin.dk\/index.php\/opslag\/","title":{"rendered":"Opslag"},"content":{"rendered":"\n<div class=\"wp-block-query is-layout-flow wp-block-query-is-layout-flow\"><ul class=\"wp-block-post-template is-layout-flow wp-block-post-template-is-layout-flow\"><li class=\"wp-block-post post-126 post type-post status-publish format-standard has-post-thumbnail hentry category-uncategorized\">\n<h2 class=\"wp-block-post-title\"><a href=\"https:\/\/ssin.dk\/index.php\/2025\/02\/05\/indkaldelse-til-ordinaer-generalforsamling\/\" target=\"_self\" >Indkaldelse til Ordin\u00e6r Generalforsamling<\/a><\/h2>\n\n\n<div class=\"wp-block-group is-nowrap is-layout-flex wp-container-core-group-is-layout-6c531013 wp-block-group-is-layout-flex\"><div class=\"wp-block-post-date\"><time datetime=\"2025-02-05T21:14:26+01:00\">05\/02\/2025<\/time><\/div><\/div>\n\n\n<figure class=\"alignwide wp-block-post-featured-image\"><a href=\"https:\/\/ssin.dk\/index.php\/2025\/02\/05\/indkaldelse-til-ordinaer-generalforsamling\/\" target=\"_self\"  ><img loading=\"lazy\" decoding=\"async\" width=\"400\" height=\"67\" src=\"https:\/\/ssin.dk\/wp-content\/uploads\/2024\/12\/SSIN-Logo-v5_shadowed_400.jpg\" class=\"attachment-post-thumbnail size-post-thumbnail wp-post-image\" alt=\"Indkaldelse til Ordin\u00e6r Generalforsamling\" style=\"object-fit:cover;\" srcset=\"https:\/\/ssin.dk\/wp-content\/uploads\/2024\/12\/SSIN-Logo-v5_shadowed_400.jpg 400w, https:\/\/ssin.dk\/wp-content\/uploads\/2024\/12\/SSIN-Logo-v5_shadowed_400-300x50.jpg 300w\" sizes=\"auto, (max-width: 400px) 100vw, 400px\" \/><\/a><\/figure>\n\n<div class=\"wp-block-post-excerpt\"><p class=\"wp-block-post-excerpt__excerpt\">Dato: 8. marts 2025, efter match og mad. Sted: Kantinen p\u00e5 Hanebjerg Skyttecenter, Hanebjergvej 6, 3400 Hiller\u00f8d. Dagsorden Eventuelle indkomne forslag skal v\u00e6re bestyrelsen i&hellip; <\/p><\/div>\n\n\n<hr class=\"wp-block-separator has-css-opacity\"\/>\n\n<\/li><li class=\"wp-block-post post-128 post type-post status-publish format-standard hentry category-uncategorized\">\n<h2 class=\"wp-block-post-title\"><a href=\"https:\/\/ssin.dk\/index.php\/2025\/02\/05\/vedtaegter\/\" target=\"_self\" >Vedt\u00e6gter<\/a><\/h2>\n\n\n<div class=\"wp-block-group is-nowrap is-layout-flex wp-container-core-group-is-layout-6c531013 wp-block-group-is-layout-flex\"><div class=\"wp-block-post-date\"><time datetime=\"2025-02-05T20:54:42+01:00\">05\/02\/2025<\/time><\/div><\/div>\n\n\n\n\n<div class=\"wp-block-post-excerpt\"><p class=\"wp-block-post-excerpt__excerpt\">SSINs vedt\u00e6gter som PDF. <\/p><\/div>\n\n\n<hr class=\"wp-block-separator has-css-opacity\"\/>\n\n<\/li><\/ul><\/div>\n\n\n\n<p><\/p>\n","protected":false},"excerpt":{"rendered":"","protected":false},"author":1,"featured_media":0,"parent":0,"menu_order":0,"comment_status":"closed","ping_status":"closed","template":"page-no-title","meta":{"footnotes":""},"class_list":["post-117","page","type-page","status-publish","hentry"],"_links":{"self":[{"href":"https:\/\/ssin.dk\/index.php\/wp-json\/wp\/v2\/pages\/117","targetHints":{"allow":["GET"]}}],"collection":[{"href":"https:\/\/ssin.dk\/index.php\/wp-json\/wp\/v2\/pages"}],"about":[{"href":"https:\/\/ssin.dk\/index.php\/wp-json\/wp\/v2\/types\/page"}],"author":[{"embeddable":true,"href":"https:\/\/ssin.dk\/index.php\/wp-json\/wp\/v2\/users\/1"}],"replies":[{"embeddable":true,"href":"https:\/\/ssin.dk\/index.php\/wp-json\/wp\/v2\/comments?post=117"}],"version-history":[{"count":8,"href":"https:\/\/ssin.dk\/index.php\/wp-json\/wp\/v2\/pages\/117\/revisions"}],"predecessor-version":[{"id":155,"href":"https:\/\/ssin.dk\/index.php\/wp-json\/wp\/v2\/pages\/117\/revisions\/155"}],"wp:attachment":[{"href":"https:\/\/ssin.dk\/index.php\/wp-json\/wp\/v2\/media?parent=117"}],"curies":[{"name":"wp","href":"https:\/\/api.w.org\/{rel}","templated":true}]}}